{"id":4003,"date":"2026-04-26T06:24:37","date_gmt":"2026-04-26T06:24:37","guid":{"rendered":"https:\/\/pixelcode.site\/awana\/?post_type=product&#038;p=4003"},"modified":"2026-04-26T06:24:39","modified_gmt":"2026-04-26T06:24:39","slug":"chunky-beanie-zermatt-white-whit-pompom","status":"publish","type":"product","link":"https:\/\/pixelcode.site\/awana\/product\/chunky-beanie-zermatt-white-whit-pompom\/","title":{"rendered":"CHUNKY Beanie Zermatt White whit pompom"},"content":{"rendered":"","protected":false},"excerpt":{"rendered":"<p>Tax included<br \/>\nBonnet \u00e0 grosses mailles avec pompon. Chaud et enveloppant, il est parfait pour cet hiver.<br \/>\nTricot\u00e9 \u00e0 la main au P\u00e9rou.<br \/>\n100% Baby Alpaca<\/p>\n","protected":false},"featured_media":1937,"template":"","meta":[],"product_brand":[],"product_cat":[54],"product_tag":[],"class_list":{"0":"post-4003","1":"product","2":"type-product","3":"status-publish","4":"has-post-thumbnail","6":"product_cat-hats-beanies","8":"first","9":"instock","10":"shipping-taxable","11":"purchasable","12":"product-type-simple"},"_links":{"self":[{"href":"https:\/\/pixelcode.site\/awana\/wp-json\/wp\/v2\/product\/4003","targetHints":{"allow":["GET"]}}],"collection":[{"href":"https:\/\/pixelcode.site\/awana\/wp-json\/wp\/v2\/product"}],"about":[{"href":"https:\/\/pixelcode.site\/awana\/wp-json\/wp\/v2\/types\/product"}],"wp:featuredmedia":[{"embeddable":true,"href":"https:\/\/pixelcode.site\/awana\/wp-json\/wp\/v2\/media\/1937"}],"wp:attachment":[{"href":"https:\/\/pixelcode.site\/awana\/wp-json\/wp\/v2\/media?parent=4003"}],"wp:term":[{"taxonomy":"product_brand","embeddable":true,"href":"https:\/\/pixelcode.site\/awana\/wp-json\/wp\/v2\/product_brand?post=4003"},{"taxonomy":"product_cat","embeddable":true,"href":"https:\/\/pixelcode.site\/awana\/wp-json\/wp\/v2\/product_cat?post=4003"},{"taxonomy":"product_tag","embeddable":true,"href":"https:\/\/pixelcode.site\/awana\/wp-json\/wp\/v2\/product_tag?post=4003"}],"curies":[{"name":"wp","href":"https:\/\/api.w.org\/{rel}","templated":true}]}}