{"id":4278,"date":"2026-04-26T06:25:18","date_gmt":"2026-04-26T06:25:18","guid":{"rendered":"https:\/\/pixelcode.site\/awana\/?post_type=product&#038;p=4278"},"modified":"2026-04-26T06:25:19","modified_gmt":"2026-04-26T06:25:19","slug":"alpaca-cape-blue-navy","status":"publish","type":"product","link":"https:\/\/pixelcode.site\/awana\/product\/alpaca-cape-blue-navy\/","title":{"rendered":"Alpaca Cape Blue Navy"},"content":{"rendered":"<p>Cette cape Travel\u00a0 est une alternative confortable et enveloppante. Confectionn\u00e9e dans un m\u00e9lange d\u2019alpaga et de laine, elle est id\u00e9ale pour voyager ou pour rester \u00e9legante et au chaud \u00e0 la maison gr\u00e2ce \u00e0 ses ouvertures lat\u00e9rales avec buttons au milieu qui permettent le mouvement sans contrainte. Elle est sign\u00e9e AWANA ALPACA, une cape classique du P\u00e9rou avec un \u00e9charpe integr\u00e9e. La finitions au bords ont \u00e9t\u00e9 faites \u00e0 crochet. 50% Alpaca &#8211; 50% Laine. Fabriqu\u00e9 au P\u00e9rou. Taille Unique<\/p>\n","protected":false},"excerpt":{"rendered":"<p>Cette cape Travel\u00a0 est une alternative confortable et enveloppante. Confectionn\u00e9e dans un m\u00e9lange d\u2019alpaga et de laine, elle est id\u00e9ale pour voyager ou pour rester \u00e9legante et au chaud \u00e0 la maison gr\u00e2ce \u00e0 ses ouvertures lat\u00e9rales avec buttons au milieu qui permettent le mouvement sans contrainte. Elle est sign\u00e9e AWANA ALPACA, une cape classique &#8230; <a title=\"Alpaca Cape Blue Navy\" class=\"read-more\" href=\"https:\/\/pixelcode.site\/awana\/product\/alpaca-cape-blue-navy\/\" aria-label=\"Read more about Alpaca Cape Blue Navy\">Read more<\/a><\/p>\n","protected":false},"featured_media":2633,"template":"","meta":[],"product_brand":[],"product_cat":[40,41],"product_tag":[],"class_list":{"0":"post-4278","1":"product","2":"type-product","3":"status-publish","4":"has-post-thumbnail","6":"product_cat-capes","7":"product_cat-ponchos","9":"first","10":"instock","11":"sale","12":"shipping-taxable","13":"purchasable","14":"product-type-simple"},"_links":{"self":[{"href":"https:\/\/pixelcode.site\/awana\/wp-json\/wp\/v2\/product\/4278","targetHints":{"allow":["GET"]}}],"collection":[{"href":"https:\/\/pixelcode.site\/awana\/wp-json\/wp\/v2\/product"}],"about":[{"href":"https:\/\/pixelcode.site\/awana\/wp-json\/wp\/v2\/types\/product"}],"wp:featuredmedia":[{"embeddable":true,"href":"https:\/\/pixelcode.site\/awana\/wp-json\/wp\/v2\/media\/2633"}],"wp:attachment":[{"href":"https:\/\/pixelcode.site\/awana\/wp-json\/wp\/v2\/media?parent=4278"}],"wp:term":[{"taxonomy":"product_brand","embeddable":true,"href":"https:\/\/pixelcode.site\/awana\/wp-json\/wp\/v2\/product_brand?post=4278"},{"taxonomy":"product_cat","embeddable":true,"href":"https:\/\/pixelcode.site\/awana\/wp-json\/wp\/v2\/product_cat?post=4278"},{"taxonomy":"product_tag","embeddable":true,"href":"https:\/\/pixelcode.site\/awana\/wp-json\/wp\/v2\/product_tag?post=4278"}],"curies":[{"name":"wp","href":"https:\/\/api.w.org\/{rel}","templated":true}]}}