{"id":4279,"date":"2026-04-26T06:25:18","date_gmt":"2026-04-26T06:25:18","guid":{"rendered":"https:\/\/pixelcode.site\/awana\/?post_type=product&#038;p=4279"},"modified":"2026-04-26T06:25:19","modified_gmt":"2026-04-26T06:25:19","slug":"geneva-2","status":"publish","type":"product","link":"https:\/\/pixelcode.site\/awana\/product\/geneva-2\/","title":{"rendered":"Geneva"},"content":{"rendered":"<p>Collage avec technique mixte avec pi\u00e8ces d\u00e9tach\u00e9es de montres, papier et r\u00e9sine.<\/p>\n<p>Artiste: Mercedes Lamborelle<\/p>\n<p>Pi\u00e8ce unique<\/p>\n<p>WITHOUT FRAME<\/p>\n","protected":false},"excerpt":{"rendered":"<p>Collage avec technique mixte avec pi\u00e8ces d\u00e9tach\u00e9es de montres, papier et r\u00e9sine. Artiste: Mercedes Lamborelle Pi\u00e8ce unique WITHOUT FRAME<\/p>\n","protected":false},"featured_media":2639,"template":"","meta":[],"product_brand":[],"product_cat":[66],"product_tag":[],"class_list":{"0":"post-4279","1":"product","2":"type-product","3":"status-publish","4":"has-post-thumbnail","6":"product_cat-art-paintings","8":"first","9":"instock","10":"shipping-taxable","11":"purchasable","12":"product-type-simple"},"_links":{"self":[{"href":"https:\/\/pixelcode.site\/awana\/wp-json\/wp\/v2\/product\/4279","targetHints":{"allow":["GET"]}}],"collection":[{"href":"https:\/\/pixelcode.site\/awana\/wp-json\/wp\/v2\/product"}],"about":[{"href":"https:\/\/pixelcode.site\/awana\/wp-json\/wp\/v2\/types\/product"}],"wp:featuredmedia":[{"embeddable":true,"href":"https:\/\/pixelcode.site\/awana\/wp-json\/wp\/v2\/media\/2639"}],"wp:attachment":[{"href":"https:\/\/pixelcode.site\/awana\/wp-json\/wp\/v2\/media?parent=4279"}],"wp:term":[{"taxonomy":"product_brand","embeddable":true,"href":"https:\/\/pixelcode.site\/awana\/wp-json\/wp\/v2\/product_brand?post=4279"},{"taxonomy":"product_cat","embeddable":true,"href":"https:\/\/pixelcode.site\/awana\/wp-json\/wp\/v2\/product_cat?post=4279"},{"taxonomy":"product_tag","embeddable":true,"href":"https:\/\/pixelcode.site\/awana\/wp-json\/wp\/v2\/product_tag?post=4279"}],"curies":[{"name":"wp","href":"https:\/\/api.w.org\/{rel}","templated":true}]}}