{"id":4314,"date":"2026-04-26T06:25:24","date_gmt":"2026-04-26T06:25:24","guid":{"rendered":"https:\/\/pixelcode.site\/awana\/?post_type=product&#038;p=4314"},"modified":"2026-04-26T06:25:28","modified_gmt":"2026-04-26T06:25:28","slug":"beanie-reversible-geneve-blanc-beige","status":"publish","type":"product","link":"https:\/\/pixelcode.site\/awana\/product\/beanie-reversible-geneve-blanc-beige\/","title":{"rendered":"Beanie reversible Gen\u00e8ve Blanc &#038; Beige"},"content":{"rendered":"<p>Magnifique Bonnet Gen\u00e8ve Blanc &amp; Beige reversible.<\/p>\n<p>Tricot\u00e9 \u00e0 la main \u2013 UNISEXE<\/p>\n<p>Designed by Mercedes Lamborelle<\/p>\n<p>100% Baby Alpaca<\/p>\n<p>MADE IN PERU<\/p>\n","protected":false},"excerpt":{"rendered":"<p>Magnifique Bonnet Gen\u00e8ve Blanc &amp; Beige reversible. Tricot\u00e9 \u00e0 la main \u2013 UNISEXE Designed by Mercedes Lamborelle 100% Baby Alpaca MADE IN PERU<\/p>\n","protected":false},"featured_media":2750,"template":"","meta":[],"product_brand":[],"product_cat":[53,54],"product_tag":[],"class_list":{"0":"post-4314","1":"product","2":"type-product","3":"status-publish","4":"has-post-thumbnail","6":"product_cat-beanies","7":"product_cat-hats-beanies","9":"first","10":"instock","11":"shipping-taxable","12":"purchasable","13":"product-type-simple"},"_links":{"self":[{"href":"https:\/\/pixelcode.site\/awana\/wp-json\/wp\/v2\/product\/4314","targetHints":{"allow":["GET"]}}],"collection":[{"href":"https:\/\/pixelcode.site\/awana\/wp-json\/wp\/v2\/product"}],"about":[{"href":"https:\/\/pixelcode.site\/awana\/wp-json\/wp\/v2\/types\/product"}],"wp:featuredmedia":[{"embeddable":true,"href":"https:\/\/pixelcode.site\/awana\/wp-json\/wp\/v2\/media\/2750"}],"wp:attachment":[{"href":"https:\/\/pixelcode.site\/awana\/wp-json\/wp\/v2\/media?parent=4314"}],"wp:term":[{"taxonomy":"product_brand","embeddable":true,"href":"https:\/\/pixelcode.site\/awana\/wp-json\/wp\/v2\/product_brand?post=4314"},{"taxonomy":"product_cat","embeddable":true,"href":"https:\/\/pixelcode.site\/awana\/wp-json\/wp\/v2\/product_cat?post=4314"},{"taxonomy":"product_tag","embeddable":true,"href":"https:\/\/pixelcode.site\/awana\/wp-json\/wp\/v2\/product_tag?post=4314"}],"curies":[{"name":"wp","href":"https:\/\/api.w.org\/{rel}","templated":true}]}}