{"id":4412,"date":"2026-04-26T06:25:45","date_gmt":"2026-04-26T06:25:45","guid":{"rendered":"https:\/\/pixelcode.site\/awana\/?post_type=product&#038;p=4412"},"modified":"2026-04-26T06:25:47","modified_gmt":"2026-04-26T06:25:47","slug":"shawl-zermatt","status":"publish","type":"product","link":"https:\/\/pixelcode.site\/awana\/product\/shawl-zermatt\/","title":{"rendered":"Shawl Zermatt"},"content":{"rendered":"<p class=\"product-attribute-font-description\">Ch\u00e2le 70 % Baby Alpaca 30 % soie<\/p>\n<p>Une \u00e9l\u00e9gance assum\u00e9e, une assurance presque nonchalante. Envo\u00fbtant et protecteur, le Ch\u00e2le Birds vous enveloppe de sa douceur, de sa souplesse et de sa l\u00e9g\u00e8ret\u00e9 pour une allure toute \u00e0 soi, tout contre soi.<\/p>\n<p>Fabriqu\u00e9 au P\u00e9rou<\/p>\n<p class=\"product-attribute-font-description ng-star-inserted\">Dessin\u00e9 et cr\u00e9e par Mercedes Lamborelle<\/p>\n<p>Digital Print<\/p>\n<p class=\"product-attribute-font-description ng-star-inserted\">Dimensions : 200 cm x 70 cm<\/p>\n","protected":false},"excerpt":{"rendered":"<p>Ch\u00e2le 70 % Baby Alpaca 30 % soie Une \u00e9l\u00e9gance assum\u00e9e, une assurance presque nonchalante. Envo\u00fbtant et protecteur, le Ch\u00e2le Birds vous enveloppe de sa douceur, de sa souplesse et de sa l\u00e9g\u00e8ret\u00e9 pour une allure toute \u00e0 soi, tout contre soi. Fabriqu\u00e9 au P\u00e9rou Dessin\u00e9 et cr\u00e9e par Mercedes Lamborelle Digital Print Dimensions : &#8230; <a title=\"Shawl Zermatt\" class=\"read-more\" href=\"https:\/\/pixelcode.site\/awana\/product\/shawl-zermatt\/\" aria-label=\"Read more about Shawl Zermatt\">Read more<\/a><\/p>\n","protected":false},"featured_media":3632,"template":"","meta":[],"product_brand":[],"product_cat":[38,45],"product_tag":[],"class_list":{"0":"post-4412","1":"product","2":"type-product","3":"status-publish","4":"has-post-thumbnail","6":"product_cat-luxury-accessories","7":"product_cat-scarves-shawls","9":"first","10":"instock","11":"shipping-taxable","12":"purchasable","13":"product-type-simple"},"_links":{"self":[{"href":"https:\/\/pixelcode.site\/awana\/wp-json\/wp\/v2\/product\/4412","targetHints":{"allow":["GET"]}}],"collection":[{"href":"https:\/\/pixelcode.site\/awana\/wp-json\/wp\/v2\/product"}],"about":[{"href":"https:\/\/pixelcode.site\/awana\/wp-json\/wp\/v2\/types\/product"}],"wp:featuredmedia":[{"embeddable":true,"href":"https:\/\/pixelcode.site\/awana\/wp-json\/wp\/v2\/media\/3632"}],"wp:attachment":[{"href":"https:\/\/pixelcode.site\/awana\/wp-json\/wp\/v2\/media?parent=4412"}],"wp:term":[{"taxonomy":"product_brand","embeddable":true,"href":"https:\/\/pixelcode.site\/awana\/wp-json\/wp\/v2\/product_brand?post=4412"},{"taxonomy":"product_cat","embeddable":true,"href":"https:\/\/pixelcode.site\/awana\/wp-json\/wp\/v2\/product_cat?post=4412"},{"taxonomy":"product_tag","embeddable":true,"href":"https:\/\/pixelcode.site\/awana\/wp-json\/wp\/v2\/product_tag?post=4412"}],"curies":[{"name":"wp","href":"https:\/\/api.w.org\/{rel}","templated":true}]}}