{"id":4423,"date":"2026-04-26T06:25:46","date_gmt":"2026-04-26T06:25:46","guid":{"rendered":"https:\/\/pixelcode.site\/awana\/?post_type=product&#038;p=4423"},"modified":"2026-04-26T06:25:48","modified_gmt":"2026-04-26T06:25:48","slug":"chunky-beanie-suisse-mutze-taupe-beige","status":"publish","type":"product","link":"https:\/\/pixelcode.site\/awana\/product\/chunky-beanie-suisse-mutze-taupe-beige\/","title":{"rendered":"CHUNKY BEANIE Suisse &#8211; M\u00fctze &#8211; Taupe &#038; Beige"},"content":{"rendered":"<p>CHUNKY BEANIE Suisse &#8211; M\u00fctze &#8211; D\u00e9grad\u00e9 Taupe et Beige. Le gros Bonnet Suisse, tricot\u00e9 \u00e0 la main.<\/p>\n<p>100% Baby Alpaca<\/p>\n<p>ONE SIZE &#8211; UNISEX<\/p>\n<p>Made in Peru<\/p>\n","protected":false},"excerpt":{"rendered":"<p>CHUNKY BEANIE Suisse &#8211; M\u00fctze &#8211; D\u00e9grad\u00e9 Taupe et Beige. Le gros Bonnet Suisse, tricot\u00e9 \u00e0 la main. 100% Baby Alpaca ONE SIZE &#8211; UNISEX Made in Peru<\/p>\n","protected":false},"featured_media":3661,"template":"","meta":[],"product_brand":[],"product_cat":[54],"product_tag":[72,89,87,98,97,99,100],"class_list":{"0":"post-4423","1":"product","2":"type-product","3":"status-publish","4":"has-post-thumbnail","6":"product_cat-hats-beanies","7":"product_tag-alpaca","8":"product_tag-alpaga","9":"product_tag-alpaka","10":"product_tag-beannie","11":"product_tag-bonnet","12":"product_tag-hat","13":"product_tag-mutze","15":"first","16":"instock","17":"shipping-taxable","18":"purchasable","19":"product-type-simple"},"_links":{"self":[{"href":"https:\/\/pixelcode.site\/awana\/wp-json\/wp\/v2\/product\/4423","targetHints":{"allow":["GET"]}}],"collection":[{"href":"https:\/\/pixelcode.site\/awana\/wp-json\/wp\/v2\/product"}],"about":[{"href":"https:\/\/pixelcode.site\/awana\/wp-json\/wp\/v2\/types\/product"}],"wp:featuredmedia":[{"embeddable":true,"href":"https:\/\/pixelcode.site\/awana\/wp-json\/wp\/v2\/media\/3661"}],"wp:attachment":[{"href":"https:\/\/pixelcode.site\/awana\/wp-json\/wp\/v2\/media?parent=4423"}],"wp:term":[{"taxonomy":"product_brand","embeddable":true,"href":"https:\/\/pixelcode.site\/awana\/wp-json\/wp\/v2\/product_brand?post=4423"},{"taxonomy":"product_cat","embeddable":true,"href":"https:\/\/pixelcode.site\/awana\/wp-json\/wp\/v2\/product_cat?post=4423"},{"taxonomy":"product_tag","embeddable":true,"href":"https:\/\/pixelcode.site\/awana\/wp-json\/wp\/v2\/product_tag?post=4423"}],"curies":[{"name":"wp","href":"https:\/\/api.w.org\/{rel}","templated":true}]}}