{"id":4434,"date":"2026-04-26T06:25:49","date_gmt":"2026-04-26T06:25:49","guid":{"rendered":"https:\/\/pixelcode.site\/awana\/?post_type=product&#038;p=4434"},"modified":"2026-04-26T06:25:51","modified_gmt":"2026-04-26T06:25:51","slug":"chunky-beanie-suisse-mutze-degrade-black-white","status":"publish","type":"product","link":"https:\/\/pixelcode.site\/awana\/product\/chunky-beanie-suisse-mutze-degrade-black-white\/","title":{"rendered":"CHUNKY BEANIE Suisse &#8211; M\u00fctze &#8211; D\u00e9grad\u00e9 Black &#038; White"},"content":{"rendered":"<p>CHUNKY BEANIE Suisse \u2013 M\u00fctze \u2013 D\u00e9grad\u00e9 Noir et Blanc. Le gros Bonnet Suisse, tricot\u00e9 \u00e0 la main.<\/p>\n<p>100% Baby Alpaca<\/p>\n<p>ONE SIZE \u2013 UNISEX<\/p>\n<p>Made in Peru<\/p>\n","protected":false},"excerpt":{"rendered":"<p>CHUNKY BEANIE Suisse \u2013 M\u00fctze \u2013 D\u00e9grad\u00e9 Noir et Blanc. Le gros Bonnet Suisse, tricot\u00e9 \u00e0 la main. 100% Baby Alpaca ONE SIZE \u2013 UNISEX Made in Peru<\/p>\n","protected":false},"featured_media":3684,"template":"","meta":[],"product_brand":[],"product_cat":[53,54,43],"product_tag":[],"class_list":{"0":"post-4434","1":"product","2":"type-product","3":"status-publish","4":"has-post-thumbnail","6":"product_cat-beanies","7":"product_cat-hats-beanies","8":"product_cat-men","10":"first","11":"instock","12":"shipping-taxable","13":"purchasable","14":"product-type-simple"},"_links":{"self":[{"href":"https:\/\/pixelcode.site\/awana\/wp-json\/wp\/v2\/product\/4434","targetHints":{"allow":["GET"]}}],"collection":[{"href":"https:\/\/pixelcode.site\/awana\/wp-json\/wp\/v2\/product"}],"about":[{"href":"https:\/\/pixelcode.site\/awana\/wp-json\/wp\/v2\/types\/product"}],"wp:featuredmedia":[{"embeddable":true,"href":"https:\/\/pixelcode.site\/awana\/wp-json\/wp\/v2\/media\/3684"}],"wp:attachment":[{"href":"https:\/\/pixelcode.site\/awana\/wp-json\/wp\/v2\/media?parent=4434"}],"wp:term":[{"taxonomy":"product_brand","embeddable":true,"href":"https:\/\/pixelcode.site\/awana\/wp-json\/wp\/v2\/product_brand?post=4434"},{"taxonomy":"product_cat","embeddable":true,"href":"https:\/\/pixelcode.site\/awana\/wp-json\/wp\/v2\/product_cat?post=4434"},{"taxonomy":"product_tag","embeddable":true,"href":"https:\/\/pixelcode.site\/awana\/wp-json\/wp\/v2\/product_tag?post=4434"}],"curies":[{"name":"wp","href":"https:\/\/api.w.org\/{rel}","templated":true}]}}