{"id":4542,"date":"2026-04-26T06:26:08","date_gmt":"2026-04-26T06:26:08","guid":{"rendered":"https:\/\/pixelcode.site\/awana\/?post_type=product&#038;p=4542"},"modified":"2026-04-26T06:26:10","modified_gmt":"2026-04-26T06:26:10","slug":"hand-made-scarf-the-artist-4-capuccino","status":"publish","type":"product","link":"https:\/\/pixelcode.site\/awana\/product\/hand-made-scarf-the-artist-4-capuccino\/","title":{"rendered":"Hand Made Scarf &#8220;The Artist 4&#8221; &#8211; Capuccino"},"content":{"rendered":"<p data-start=\"190\" data-end=\"457\"><br data-start=\"206\" data-end=\"209\" \/><strong data-start=\"318\" data-end=\"329\">\u00e9charpe<\/strong> en <strong data-start=\"350\" data-end=\"368\">trois couleurs<\/strong>, inspir\u00e9es des nuances d\u2019un <strong data-start=\"397\" data-end=\"411\">cappuccino<\/strong> et d\u2019un <strong data-start=\"420\" data-end=\"437\">caf\u00e9 viennois<\/strong><\/p>\n<p data-start=\"459\" data-end=\"587\">Des pi\u00e8ces <strong data-start=\"470\" data-end=\"514\">tricot\u00e9es \u00e0 la main en 100 % Baby Alpaga<\/strong>, o\u00f9 la mati\u00e8re, la couleur et le savoir-faire s\u2019expriment avec justesse.<\/p>\n<p data-start=\"658\" data-end=\"692\">AWANA ALPACA \u2014 l\u2019hiver en nuances.<\/p>\n<hr data-start=\"694\" data-end=\"697\" \/>\n<p data-start=\"699\" data-end=\"879\"><strong data-start=\"699\" data-end=\"713\">Hashtags :<\/strong><br data-start=\"713\" data-end=\"716\" \/>#AWANAAlpaca<br data-start=\"728\" data-end=\"731\" \/>#BabyAlpaga #TricotFaitMain<br data-start=\"758\" data-end=\"761\" \/>#PullTaupe #Torsades<br data-start=\"781\" data-end=\"784\" \/>#PaletteDHiver #CouleursNaturelles<br data-start=\"818\" data-end=\"821\" \/>#CappuccinoTones #CafeViennois<br data-start=\"851\" data-end=\"854\" data-is-only-node=\"\" \/>#SlowLuxury #HiverElegant<\/p>\n","protected":false},"excerpt":{"rendered":"<p>\u00e9charpe en trois couleurs, inspir\u00e9es des nuances d\u2019un cappuccino et d\u2019un caf\u00e9 viennois Des pi\u00e8ces tricot\u00e9es \u00e0 la main en 100 % Baby Alpaga, o\u00f9 la mati\u00e8re, la couleur et le savoir-faire s\u2019expriment avec justesse. AWANA ALPACA \u2014 l\u2019hiver en nuances. Hashtags :#AWANAAlpaca#BabyAlpaga #TricotFaitMain#PullTaupe #Torsades#PaletteDHiver #CouleursNaturelles#CappuccinoTones #CafeViennois#SlowLuxury #HiverElegant<\/p>\n","protected":false},"featured_media":3941,"template":"","meta":[],"product_brand":[],"product_cat":[45],"product_tag":[],"class_list":{"0":"post-4542","1":"product","2":"type-product","3":"status-publish","4":"has-post-thumbnail","6":"product_cat-scarves-shawls","8":"first","9":"instock","10":"shipping-taxable","11":"purchasable","12":"product-type-simple"},"_links":{"self":[{"href":"https:\/\/pixelcode.site\/awana\/wp-json\/wp\/v2\/product\/4542","targetHints":{"allow":["GET"]}}],"collection":[{"href":"https:\/\/pixelcode.site\/awana\/wp-json\/wp\/v2\/product"}],"about":[{"href":"https:\/\/pixelcode.site\/awana\/wp-json\/wp\/v2\/types\/product"}],"wp:featuredmedia":[{"embeddable":true,"href":"https:\/\/pixelcode.site\/awana\/wp-json\/wp\/v2\/media\/3941"}],"wp:attachment":[{"href":"https:\/\/pixelcode.site\/awana\/wp-json\/wp\/v2\/media?parent=4542"}],"wp:term":[{"taxonomy":"product_brand","embeddable":true,"href":"https:\/\/pixelcode.site\/awana\/wp-json\/wp\/v2\/product_brand?post=4542"},{"taxonomy":"product_cat","embeddable":true,"href":"https:\/\/pixelcode.site\/awana\/wp-json\/wp\/v2\/product_cat?post=4542"},{"taxonomy":"product_tag","embeddable":true,"href":"https:\/\/pixelcode.site\/awana\/wp-json\/wp\/v2\/product_tag?post=4542"}],"curies":[{"name":"wp","href":"https:\/\/api.w.org\/{rel}","templated":true}]}}